{"id":1569,"date":"2025-09-26T01:00:03","date_gmt":"2025-09-26T01:00:03","guid":{"rendered":"https:\/\/falevelmuhely.hu\/?page_id=1569"},"modified":"2026-02-18T12:00:46","modified_gmt":"2026-02-18T12:00:46","slug":"hulladekbol-butor","status":"publish","type":"page","link":"https:\/\/falevelmuhely.hu\/en\/hulladekbol-butor\/","title":{"rendered":"Furniture from scrap"},"content":{"rendered":"<div data-elementor-type=\"wp-page\" data-elementor-id=\"1569\" class=\"elementor elementor-1569\" data-elementor-post-type=\"page\">\n\t\t\t\t<div class=\"wd-negative-gap elementor-element elementor-element-64fcba7 e-flex e-con-boxed e-con e-parent\" data-id=\"64fcba7\" data-element_type=\"container\">\n\t\t\t\t\t<div class=\"e-con-inner\">\n\t\t<div class=\"elementor-element elementor-element-bf7e77c e-con-full e-flex e-con e-child\" data-id=\"bf7e77c\" data-element_type=\"container\">\n\t\t<div class=\"elementor-element elementor-element-10362b9 e-con-full e-flex e-con e-child\" data-id=\"10362b9\" data-element_type=\"container\">\n\t\t\t\t<div class=\"elementor-element elementor-element-ad46b20 wd-width-100 elementor-widget elementor-widget-wd_title\" data-id=\"ad46b20\" data-element_type=\"widget\" data-widget_type=\"wd_title.default\">\n\t\t\t\t<div class=\"elementor-widget-container\">\n\t\t\t\t\t\t\t<div class=\"title-wrapper wd-set-mb reset-last-child wd-title-color-default wd-title-style-default wd-title-size-extra-large text-left\">\n\n\t\t\t\n\t\t\t<div class=\"liner-continer\">\n\t\t\t\t<h4 class=\"woodmart-title-container title wd-fontsize-xxxl\">Furniture from scrap<br \/>\n<\/h4> \n\t\t\t\t\t\t\t<\/div>\n\n\t\t\t\t\t\t\t<div class=\"title-after_title reset-last-child wd-fontsize-s\">\n\t\t\t\t\t<p>\u00a0<\/p><p>It's a wonderful feeling when a piece of furniture that's meant to be thrown away is transformed into something that's actually usable and completely unique. Not only are we protecting the environment, but we are creating something of value that could never be taken off a shop shelf.<\/p>\t\t\t\t<\/div>\n\t\t\t\t\t<\/div>\n\t\t\t\t\t\t<\/div>\n\t\t\t\t<\/div>\n\t\t\t\t<\/div>\n\t\t\t\t<\/div>\n\t\t<div class=\"elementor-element elementor-element-1fd41b7 wd-section-stretch-content e-con-full e-flex e-con e-child\" data-id=\"1fd41b7\" data-element_type=\"container\">\n\t\t\t\t<div class=\"elementor-element elementor-element-0af8963 elementor-widget elementor-widget-gallery\" data-id=\"0af8963\" data-element_type=\"widget\" data-settings=\"{&quot;columns&quot;:3,&quot;gap&quot;:{&quot;unit&quot;:&quot;px&quot;,&quot;size&quot;:15,&quot;sizes&quot;:[]},&quot;aspect_ratio&quot;:&quot;4:3&quot;,&quot;lazyload&quot;:&quot;yes&quot;,&quot;gallery_layout&quot;:&quot;grid&quot;,&quot;columns_tablet&quot;:2,&quot;columns_mobile&quot;:1,&quot;gap_tablet&quot;:{&quot;unit&quot;:&quot;px&quot;,&quot;size&quot;:10,&quot;sizes&quot;:[]},&quot;gap_mobile&quot;:{&quot;unit&quot;:&quot;px&quot;,&quot;size&quot;:10,&quot;sizes&quot;:[]},&quot;link_to&quot;:&quot;file&quot;,&quot;overlay_background&quot;:&quot;yes&quot;,&quot;content_hover_animation&quot;:&quot;fade-in&quot;}\" data-widget_type=\"gallery.default\">\n\t\t\t\t\t\t\t<div class=\"elementor-gallery__container\">\n\t\t\t\t\t\t\t<a class=\"e-gallery-item elementor-gallery-item elementor-animated-content\" href=\"https:\/\/falevelmuhely.hu\/wp-content\/uploads\/2026\/02\/kornyezetbarat-novenytarto-allvany-textilbol.jpg\" data-elementor-open-lightbox=\"yes\" data-elementor-lightbox-slideshow=\"0af8963\" data-elementor-lightbox-title=\"kornyezetbarat-novenytarto-allvany-textilbol\" data-e-action-hash=\"#elementor-action%3Aaction%3Dlightbox%26settings%3DeyJpZCI6Mjk1MDUsInVybCI6Imh0dHBzOlwvXC9mYWxldmVsbXVoZWx5Lmh1XC93cC1jb250ZW50XC91cGxvYWRzXC8yMDI2XC8wMlwva29ybnllemV0YmFyYXQtbm92ZW55dGFydG8tYWxsdmFueS10ZXh0aWxib2wuanBnIiwic2xpZGVzaG93IjoiMGFmODk2MyJ9\">\n\t\t\t\t\t<div class=\"e-gallery-image elementor-gallery-item__image\" data-thumbnail=\"https:\/\/falevelmuhely.hu\/wp-content\/uploads\/2026\/02\/kornyezetbarat-novenytarto-allvany-textilbol.jpg\" data-width=\"1024\" data-height=\"1029\" aria-label=\"\" role=\"img\" ><\/div>\n\t\t\t\t\t\t\t\t\t\t\t<div class=\"elementor-gallery-item__overlay\"><\/div>\n\t\t\t\t\t\t\t\t\t\t\t\t\t\t<\/a>\n\t\t\t\t\t\t\t<a class=\"e-gallery-item elementor-gallery-item elementor-animated-content\" href=\"https:\/\/falevelmuhely.hu\/wp-content\/uploads\/2025\/11\/textile-waste-furniture-scaled.jpg\" data-elementor-open-lightbox=\"yes\" data-elementor-lightbox-slideshow=\"0af8963\" data-elementor-lightbox-title=\"textile waste furniture\" data-e-action-hash=\"#elementor-action%3Aaction%3Dlightbox%26settings%3DeyJpZCI6MjExMywidXJsIjoiaHR0cHM6XC9cL2ZhbGV2ZWxtdWhlbHkuaHVcL3dwLWNvbnRlbnRcL3VwbG9hZHNcLzIwMjVcLzExXC90ZXh0aWxlLXdhc3RlLWZ1cm5pdHVyZS1zY2FsZWQuanBnIiwic2xpZGVzaG93IjoiMGFmODk2MyJ9\">\n\t\t\t\t\t<div class=\"e-gallery-image elementor-gallery-item__image\" data-thumbnail=\"https:\/\/falevelmuhely.hu\/wp-content\/uploads\/2025\/11\/textile-waste-furniture-scaled.jpg\" data-width=\"2560\" data-height=\"1849\" aria-label=\"\" role=\"img\" ><\/div>\n\t\t\t\t\t\t\t\t\t\t\t<div class=\"elementor-gallery-item__overlay\"><\/div>\n\t\t\t\t\t\t\t\t\t\t\t\t\t\t<\/a>\n\t\t\t\t\t\t\t<a class=\"e-gallery-item elementor-gallery-item elementor-animated-content\" href=\"https:\/\/falevelmuhely.hu\/wp-content\/uploads\/2025\/11\/textilhulladek-butor-scaled.jpg\" data-elementor-open-lightbox=\"yes\" data-elementor-lightbox-slideshow=\"0af8963\" data-elementor-lightbox-title=\"textilhullade\u0301k bu\u0301tor\" data-e-action-hash=\"#elementor-action%3Aaction%3Dlightbox%26settings%3DeyJpZCI6MjExNCwidXJsIjoiaHR0cHM6XC9cL2ZhbGV2ZWxtdWhlbHkuaHVcL3dwLWNvbnRlbnRcL3VwbG9hZHNcLzIwMjVcLzExXC90ZXh0aWxodWxsYWRlay1idXRvci1zY2FsZWQuanBnIiwic2xpZGVzaG93IjoiMGFmODk2MyJ9\">\n\t\t\t\t\t<div class=\"e-gallery-image elementor-gallery-item__image\" data-thumbnail=\"https:\/\/falevelmuhely.hu\/wp-content\/uploads\/2025\/11\/textilhulladek-butor-scaled.jpg\" data-width=\"2560\" data-height=\"2081\" aria-label=\"\" role=\"img\" ><\/div>\n\t\t\t\t\t\t\t\t\t\t\t<div class=\"elementor-gallery-item__overlay\"><\/div>\n\t\t\t\t\t\t\t\t\t\t\t\t\t\t<\/a>\n\t\t\t\t\t<\/div>\n\t\t\t\t\t<\/div>\n\t\t\t\t<\/div>\n\t\t\t\t<div class=\"elementor-element elementor-element-384d1de wd-width-100 elementor-widget elementor-widget-wd_title\" data-id=\"384d1de\" data-element_type=\"widget\" data-widget_type=\"wd_title.default\">\n\t\t\t\t<div class=\"elementor-widget-container\">\n\t\t\t\t\t\t\t<div class=\"title-wrapper wd-set-mb reset-last-child wd-title-color-default wd-title-style-default wd-title-size-extra-large text-left\">\n\n\t\t\t\n\t\t\t<div class=\"liner-continer\">\n\t\t\t\t<h4 class=\"woodmart-title-container title wd-fontsize-xxxl\">Saved memories, recycled<\/h4> \n\t\t\t\t\t\t\t<\/div>\n\n\t\t\t\t\t\t\t<div class=\"title-after_title reset-last-child wd-fontsize-s\">\n\t\t\t\t\t<p>The average household produces a lot of textile waste that we don't want to use, but we don't want to pass on, and we don't want to throw away. This is how the <strong>\"From Textile to Furniture, with Love\"<\/strong> a project that brings new life to stained baby clothes, kitchen towels, old-fashioned clothing, frayed bed linen, over-worn, holey socks and even abandoned plushies.<\/p>\t\t\t\t<\/div>\n\t\t\t\t\t<\/div>\n\t\t\t\t\t\t<\/div>\n\t\t\t\t<\/div>\n\t\t\t\t<div class=\"elementor-element elementor-element-1a0393f wd-width-100 elementor-widget elementor-widget-wd_images_gallery\" data-id=\"1a0393f\" data-element_type=\"widget\" data-widget_type=\"wd_images_gallery.default\">\n\t\t\t\t<div class=\"elementor-widget-container\">\n\t\t\t\t\t\t\t<div class=\"wd-images-gallery photoswipe-images wd-carousel-container\" style=\"--wd-align-items:center; --wd-justify-content:center;\">\n\t\t\t\t\t\t\t<div class=\"wd-carousel-inner\">\n\t\t\t\t\t\t<div class=\"wd-carousel wd-grid\" data-scroll_per_page=\"yes\" style=\"--wd-col-lg:3;--wd-col-md:3;--wd-col-sm:1;--wd-gap-lg:20px;--wd-gap-sm:10px;\">\n\t\t\t\t\t\t\t\t\t<div class=\"wd-carousel-wrap\">\n\t\t\t\t\t\t\t\t\t\t\t\t\t\t\t\t\t\t<div class=\"wd-gallery-item wd-carousel-item\">\n\t\t\t\t\t\t\t\t\t\t\t\t\t<a  href=\"https:\/\/falevelmuhely.hu\/wp-content\/uploads\/2025\/11\/hasznaltruha_720.png\" data-width=\"720\" data-height=\"720\" data-index=\"1\" data-elementor-open-lightbox=\"no\">\n\t\t\t\t\t\t\n\t\t\t\t\t\t<img loading=\"lazy\" decoding=\"async\" width=\"720\" height=\"720\" src=\"https:\/\/falevelmuhely.hu\/wp-content\/uploads\/2025\/11\/hasznaltruha_720.png\" class=\"attachment-full size-full\" alt=\"hasznaltruha_720\" srcset=\"https:\/\/falevelmuhely.hu\/wp-content\/uploads\/2025\/11\/hasznaltruha_720.png 720w, https:\/\/falevelmuhely.hu\/wp-content\/uploads\/2025\/11\/hasznaltruha_720-300x300.png 300w, https:\/\/falevelmuhely.hu\/wp-content\/uploads\/2025\/11\/hasznaltruha_720-150x150.png 150w, https:\/\/falevelmuhely.hu\/wp-content\/uploads\/2025\/11\/hasznaltruha_720-12x12.png 12w, https:\/\/falevelmuhely.hu\/wp-content\/uploads\/2025\/11\/hasznaltruha_720-600x600.png 600w\" sizes=\"auto, (max-width: 720px) 100vw, 720px\" \/>\n\t\t\t\t\t\t\t\t\t\t\t\t\t<\/a>\n\t\t\t\t\t\t\t\t\t\t\t<\/div>\n\t\t\t\t\t\t\t\t\t\t\t\t\t\t\t\t<\/div>\n\t\t\t\t\t\t\t\t<\/div>\n\t\t\t\t\t\t\t\t\t\t\t\t\t\t<div class=\"wd-nav-arrows wd-pos-sep wd-hover-1 wd-icon-1\">\n\t\t\t<div class=\"wd-btn-arrow wd-prev wd-disabled\">\n\t\t\t\t<div class=\"wd-arrow-inner\"><\/div>\n\t\t\t<\/div>\n\t\t\t<div class=\"wd-btn-arrow wd-next\">\n\t\t\t\t<div class=\"wd-arrow-inner\"><\/div>\n\t\t\t<\/div>\n\t\t<\/div>\n\t\t\t\t\t\t\n\t\t\t\t<\/div>\n\n\t\t\t\t\t\t\t\t\t\t\t\t\t<\/div>\n\t\t\t\t\t\t<\/div>\n\t\t\t\t<\/div>\n\t\t\t\t<div class=\"elementor-element elementor-element-2f49685 wd-width-100 elementor-widget elementor-widget-wd_title\" data-id=\"2f49685\" data-element_type=\"widget\" data-widget_type=\"wd_title.default\">\n\t\t\t\t<div class=\"elementor-widget-container\">\n\t\t\t\t\t\t\t<div class=\"title-wrapper wd-set-mb reset-last-child wd-title-color-default wd-title-style-default wd-title-size-extra-large text-left\">\n\n\t\t\t\n\t\t\t<div class=\"liner-continer\">\n\t\t\t\t<h4 class=\"woodmart-title-container title wd-fontsize-xxxl\">What you need to know:<\/h4> \n\t\t\t\t\t\t\t<\/div>\n\n\t\t\t\t\t\t\t<div class=\"title-after_title reset-last-child wd-fontsize-s\">\n\t\t\t\t\t<ul><li><span style=\"font-weight: 400\">You must send me the textile materials in washed form<\/span><\/li><li>By default, the resulting furniture or object will not have a flat surface - but if you want it separately, this can be done<\/li><li>The price of materials, pick-up time will always be agreed in advance.<\/li><\/ul><p><span style=\"font-weight: 400\">Making micro-cement objects and furniture is time-consuming, and I have limited storage capacity - so please feel free to ask for a quote, enquire and we can discuss the details.\u00a0<\/span><\/p>\t\t\t\t<\/div>\n\t\t\t\t\t<\/div>\n\t\t\t\t\t\t<\/div>\n\t\t\t\t<\/div>\n\t\t\t\t<div class=\"elementor-element elementor-element-7c77ce3 wd-width-100 elementor-widget elementor-widget-wd_title\" data-id=\"7c77ce3\" data-element_type=\"widget\" data-widget_type=\"wd_title.default\">\n\t\t\t\t<div class=\"elementor-widget-container\">\n\t\t\t\t\t\t\t<div class=\"title-wrapper wd-set-mb reset-last-child wd-title-color-default wd-title-style-default wd-title-size-extra-large text-left\">\n\n\t\t\t\n\t\t\t<div class=\"liner-continer\">\n\t\t\t\t<h4 class=\"woodmart-title-container title wd-fontsize-xxxl\"><\/h4> \n\t\t\t\t\t\t\t<\/div>\n\n\t\t\t\t\t\t\t<div class=\"title-after_title reset-last-child wd-fontsize-s\">\n\t\t\t\t\t<p><span style=\"font-weight: 400\">I think microcement is a fantastic invention because it is versatile, durable and aesthetic. It's perfect for renewing objects that no longer serve their original purpose, but we don't have the heart to throw them in the trash, and we can even do something for the environment. <\/span><\/p><p><span style=\"font-weight: 400\">With the microcement technique, I can create unique items for you, even from your former favourite pieces of clothing that you no longer wear. Whether it's a special shaped seat or a table - it's completely up to your imagination - I'm sure I can create something unique and special for you. <\/span><\/p><p>Get in touch, send me your discarded household textiles and tell me what you'd like to see them used for - or you can leave the design to me, and it'll be a surprise.<\/p><p>However I use your materials, I can promise you two things: together we will be doing nature a favour with a project like this, and I will be returning a really useful tool to you.<\/p><p>This is how I make the objects:<\/p><p>Sz\u00fcks\u00e9gem van a textilre, \u00e9s az azt el\u0151k\u00e9sz\u00edt\u0151 speci\u00e1lis anyagra, amit r\u00e1dolgozok a textil fel\u00fclet\u00e9re, v\u00e9g\u00fcl az eg\u00e9sz t\u00e1rgy mikrocement bevonatot kap. \u00cdgy nem csak mutat\u00f3s, hanem tart\u00f3s is lesz.<\/p><p>The amount of special fabric you need depends on how much and what kind of fabric you have and what you want to use, and what you want the finished product to look like. The more textiles you send me, the more options I can give you.<\/p><p><span style=\"font-weight: 400\">Az egyes t\u00e1rgyt\u00edpusokat a webshopban tal\u00e1lod, \u00edgy csak meg kell rendelned a term\u00e9ket, elk\u00fcldened hozz\u00e1m a textileket h\u00e1zhoz, csomagpontra (Szomori kert\u00e9szet GLS csomagpont) vagy csomagautomat\u00e1ba (Zs\u00e1mb\u00e9k t\u00f6bb lehet\u0151s\u00e9ggel) \u00e9s \u00e9n m\u00e1r k\u00e9sz\u00edtem is.<\/span><\/p>\t\t\t\t<\/div>\n\t\t\t\t\t<\/div>\n\t\t\t\t\t\t<\/div>\n\t\t\t\t<\/div>\n\t\t\t\t<div class=\"elementor-element elementor-element-38648a3 elementor-widget elementor-widget-wd_button\" data-id=\"38648a3\" data-element_type=\"widget\" data-widget_type=\"wd_button.default\">\n\t\t\t\t<div class=\"elementor-widget-container\">\n\t\t\t\t\t\t\t<div class=\"wd-button-wrapper text-left\" >\n\t\t\t<a class=\"btn btn-style-default btn-shape-round btn-size-default btn-color-primary btn-icon-pos-right\"  href=\"https:\/\/falevelmuhely.hu\/en\/contact-us\/\">\n\t\t\t\t<span class=\"wd-btn-text\" data-elementor-setting-key=\"text\">\n\t\t\t\t\tRequest for quotation\t\t\t\t<\/span>\n\n\t\t\t\t\t\t\t<\/a>\n\t\t<\/div>\n\t\t\t\t\t\t<\/div>\n\t\t\t\t<\/div>\n\t\t\t\t\t<\/div>\n\t\t\t\t<\/div>\n\t\t\t\t<\/div>","protected":false},"excerpt":{"rendered":"<p>Hullad\u00e9kb\u00f3l b\u00fator \u00a0 Csod\u00e1latos \u00e9rz\u00e9s, amikor a kidob\u00e1sra sz\u00e1nt hullad\u00e9kb\u00f3l egy val\u00f3ban haszn\u00e1lhat\u00f3, r\u00e1ad\u00e1sul teljesen egyedi b\u00fatordarab sz\u00fcletik. \u00cdgy nemcsak<\/p>","protected":false},"author":1,"featured_media":0,"parent":0,"menu_order":0,"comment_status":"closed","ping_status":"closed","template":"elementor_header_footer","meta":{"_seopress_robots_primary_cat":"","_seopress_titles_title":"","_seopress_titles_desc":"","_seopress_robots_index":"","footnotes":""},"class_list":["post-1569","page","type-page","status-publish","hentry"],"_links":{"self":[{"href":"https:\/\/falevelmuhely.hu\/en\/wp-json\/wp\/v2\/pages\/1569","targetHints":{"allow":["GET"]}}],"collection":[{"href":"https:\/\/falevelmuhely.hu\/en\/wp-json\/wp\/v2\/pages"}],"about":[{"href":"https:\/\/falevelmuhely.hu\/en\/wp-json\/wp\/v2\/types\/page"}],"author":[{"embeddable":true,"href":"https:\/\/falevelmuhely.hu\/en\/wp-json\/wp\/v2\/users\/1"}],"replies":[{"embeddable":true,"href":"https:\/\/falevelmuhely.hu\/en\/wp-json\/wp\/v2\/comments?post=1569"}],"version-history":[{"count":25,"href":"https:\/\/falevelmuhely.hu\/en\/wp-json\/wp\/v2\/pages\/1569\/revisions"}],"predecessor-version":[{"id":29523,"href":"https:\/\/falevelmuhely.hu\/en\/wp-json\/wp\/v2\/pages\/1569\/revisions\/29523"}],"wp:attachment":[{"href":"https:\/\/falevelmuhely.hu\/en\/wp-json\/wp\/v2\/media?parent=1569"}],"curies":[{"name":"wp","href":"https:\/\/api.w.org\/{rel}","templated":true}]}}