{"id":1583,"date":"2025-09-26T01:13:48","date_gmt":"2025-09-26T01:13:48","guid":{"rendered":"https:\/\/falevelmuhely.hu\/?page_id=1583"},"modified":"2025-11-13T14:57:56","modified_gmt":"2025-11-13T14:57:56","slug":"dekorfal","status":"publish","type":"page","link":"https:\/\/falevelmuhely.hu\/en\/dekorfal\/","title":{"rendered":"Decor wall design, implementation"},"content":{"rendered":"<div data-elementor-type=\"wp-page\" data-elementor-id=\"1583\" class=\"elementor elementor-1583\" data-elementor-post-type=\"page\">\n\t\t\t\t<div class=\"wd-negative-gap elementor-element elementor-element-b6eb21d e-flex e-con-boxed e-con e-parent\" data-id=\"b6eb21d\" data-element_type=\"container\">\n\t\t\t\t\t<div class=\"e-con-inner\">\n\t\t<div class=\"elementor-element elementor-element-01aa1bd e-con-full e-flex e-con e-child\" data-id=\"01aa1bd\" data-element_type=\"container\">\n\t\t<div class=\"elementor-element elementor-element-c457dae e-con-full e-flex e-con e-child\" data-id=\"c457dae\" data-element_type=\"container\">\n\t\t\t\t<div class=\"elementor-element elementor-element-567a8b2 wd-width-100 elementor-widget elementor-widget-wd_title\" data-id=\"567a8b2\" data-element_type=\"widget\" data-widget_type=\"wd_title.default\">\n\t\t\t\t<div class=\"elementor-widget-container\">\n\t\t\t\t\t\t\t<div class=\"title-wrapper wd-set-mb reset-last-child wd-title-color-default wd-title-style-default wd-title-size-extra-large text-left\">\n\n\t\t\t\n\t\t\t<div class=\"liner-continer\">\n\t\t\t\t<h4 class=\"woodmart-title-container title wd-fontsize-xxxl\">Decor wall in a different way - by feel, not by template<br \/>\n<\/h4> \n\t\t\t\t\t\t\t<\/div>\n\n\t\t\t\t\t\t\t<div class=\"title-after_title reset-last-child wd-fontsize-s\">\n\t\t\t\t\t<p><span style=\"font-weight: 400\">I don't just make pretty decorative walls. My aim is that these walls should not only be aesthetically pleasing, but also really touch you: evoke feelings, bring back memories or inspire new thoughts.<\/span><\/p><p><b>If it's a decorative wall, you might want to think about it:<\/b><\/p><ul><li><span style=\"font-weight: 400\">Which style is really yours? Modern, retro, abstract or clean? Maybe a mixture of all of these, or something completely unique?<\/span><\/li><li><span style=\"font-weight: 400\">What feelings or mood do you want to fill the space with?<\/span><\/li><li><span style=\"font-weight: 400\">What colours do you like and how do they affect you?<\/span><\/li><li><span style=\"font-weight: 400\">Are there specific elements you would like to see in return? Real wood, a mirror, a picture frame, a manger, a special wallpaper, or even a family keepsake or symbol?\u00a0<\/span><\/li><\/ul><p><span style=\"font-weight: 400\">I like a challenge, if a project is technically exciting, if it can tell a story, from the plaster to the finishing touches of the decor.<\/span><\/p><p><b>If walls could tell a story...<\/b><\/p><p><span style=\"font-weight: 400\">I'll show you some of my work, not just for inspiration, but with stories. Get to know the real people, real desires and real ideas behind some wall art.\u00a0<\/span><\/p><p><span style=\"font-weight: 400\"> I believe that walls have a soul in a sense - and vice versa: every soul has its own wall to be in harmony with.\u00a0<\/span><\/p>\t\t\t\t<\/div>\n\t\t\t\t\t<\/div>\n\t\t\t\t\t\t<\/div>\n\t\t\t\t<\/div>\n\t\t\t\t<\/div>\n\t\t\t\t<\/div>\n\t\t\t\t\t<\/div>\n\t\t\t\t<\/div>\n\t\t<div class=\"wd-negative-gap elementor-element elementor-element-15a1e6a e-flex e-con-boxed e-con e-parent\" data-id=\"15a1e6a\" data-element_type=\"container\">\n\t\t\t\t\t<div class=\"e-con-inner\">\n\t\t<div class=\"elementor-element elementor-element-f850f54 e-con-full e-flex e-con e-child\" data-id=\"f850f54\" data-element_type=\"container\">\n\t\t<div class=\"elementor-element elementor-element-e9eee20 e-con-full e-flex e-con e-child\" data-id=\"e9eee20\" data-element_type=\"container\">\n\t\t\t\t<div class=\"elementor-element elementor-element-9dc7704 wd-width-100 elementor-widget elementor-widget-wd_title\" data-id=\"9dc7704\" data-element_type=\"widget\" data-widget_type=\"wd_title.default\">\n\t\t\t\t<div class=\"elementor-widget-container\">\n\t\t\t\t\t\t\t<div class=\"title-wrapper wd-set-mb reset-last-child wd-title-color-default wd-title-style-default wd-title-size-extra-large text-center\">\n\n\t\t\t\n\t\t\t<div class=\"liner-continer\">\n\t\t\t\t<h4 class=\"woodmart-title-container title wd-fontsize-xxxl\">Cheap, fast decorative walls<br \/>\n<\/h4> \n\t\t\t\t\t\t\t<\/div>\n\n\t\t\t\t\t\t\t<div class=\"title-after_title reset-last-child wd-fontsize-s\">\n\t\t\t\t\t<p><span style=\"font-weight: 400\">For this wall, I was asked to make it cost-effective and very quick, but also exciting, colourful and most importantly, flat. No grooves, no textures.<br \/><br \/><\/span><\/p><p><span style=\"font-weight: 400\">Such a <\/span><b>abstract wall<\/b><span style=\"font-weight: 400\"> costs 1000-1200 Ft\/m2 and depending on the size I can make it in about 2 days. After choosing the colours, I randomly made the pattern. Where appropriate, such a surface can be combined with more special materials and decorative techniques.<\/span><\/p><p><span style=\"font-weight: 400\">\u00a0<\/span><\/p>\t\t\t\t<\/div>\n\t\t\t\t\t<\/div>\n\t\t\t\t\t\t<\/div>\n\t\t\t\t<\/div>\n\t\t\t\t<\/div>\n\t\t<div class=\"elementor-element elementor-element-8d2252a e-con-full e-flex e-con e-child\" data-id=\"8d2252a\" data-element_type=\"container\">\n\t\t\t\t<div class=\"elementor-element elementor-element-6991be0 elementor-widget elementor-widget-image\" data-id=\"6991be0\" data-element_type=\"widget\" data-widget_type=\"image.default\">\n\t\t\t\t\t\t\t\t\t\t\t\t\t\t\t<img alt=\"\" loading=\"lazy\" decoding=\"async\" width=\"1024\" height=\"768\" src=\"https:\/\/falevelmuhely.hu\/wp-content\/uploads\/2025\/09\/Dekorfal_matt_absztrakt-1024x768.jpg\" class=\"attachment-large size-large wp-image-1585\" srcset=\"https:\/\/falevelmuhely.hu\/wp-content\/uploads\/2025\/09\/Dekorfal_matt_absztrakt-1024x768.jpg 1024w, https:\/\/falevelmuhely.hu\/wp-content\/uploads\/2025\/09\/Dekorfal_matt_absztrakt-scaled-150x113.jpg 150w, https:\/\/falevelmuhely.hu\/wp-content\/uploads\/2025\/09\/Dekorfal_matt_absztrakt-scaled-1200x900.jpg 1200w, https:\/\/falevelmuhely.hu\/wp-content\/uploads\/2025\/09\/Dekorfal_matt_absztrakt-300x225.jpg 300w, https:\/\/falevelmuhely.hu\/wp-content\/uploads\/2025\/09\/Dekorfal_matt_absztrakt-768x576.jpg 768w, https:\/\/falevelmuhely.hu\/wp-content\/uploads\/2025\/09\/Dekorfal_matt_absztrakt-1536x1152.jpg 1536w, https:\/\/falevelmuhely.hu\/wp-content\/uploads\/2025\/09\/Dekorfal_matt_absztrakt-2048x1536.jpg 2048w\" sizes=\"auto, (max-width: 1024px) 100vw, 1024px\" \/>\t\t\t\t\t\t\t\t\t\t\t\t\t\t\t<\/div>\n\t\t\t\t<\/div>\n\t\t\t\t<\/div>\n\t\t\t\t\t<\/div>\n\t\t\t\t<\/div>\n\t\t<div class=\"wd-negative-gap elementor-element elementor-element-db1d540 e-flex e-con-boxed e-con e-parent\" data-id=\"db1d540\" data-element_type=\"container\">\n\t\t\t\t\t<div class=\"e-con-inner\">\n\t\t<div class=\"elementor-element elementor-element-170c021 e-con-full e-flex e-con e-child\" data-id=\"170c021\" data-element_type=\"container\">\n\t\t<div class=\"elementor-element elementor-element-1c6fb9a e-con-full e-flex e-con e-child\" data-id=\"1c6fb9a\" data-element_type=\"container\">\n\t\t\t\t<div class=\"elementor-element elementor-element-f9cbe64 elementor-widget elementor-widget-image\" data-id=\"f9cbe64\" data-element_type=\"widget\" data-widget_type=\"image.default\">\n\t\t\t\t\t\t\t\t\t\t\t\t\t\t\t<img alt=\"\" loading=\"lazy\" decoding=\"async\" width=\"1024\" height=\"1024\" src=\"https:\/\/falevelmuhely.hu\/wp-content\/uploads\/2025\/09\/decogreenwall_palm_2-1024x1024.jpg\" class=\"attachment-large size-large wp-image-1586\" srcset=\"https:\/\/falevelmuhely.hu\/wp-content\/uploads\/2025\/09\/decogreenwall_palm_2-1024x1024.jpg 1024w, https:\/\/falevelmuhely.hu\/wp-content\/uploads\/2025\/09\/decogreenwall_palm_2-scaled-600x600.jpg 600w, https:\/\/falevelmuhely.hu\/wp-content\/uploads\/2025\/09\/decogreenwall_palm_2-150x150.jpg 150w, https:\/\/falevelmuhely.hu\/wp-content\/uploads\/2025\/09\/decogreenwall_palm_2-scaled-1200x1200.jpg 1200w, https:\/\/falevelmuhely.hu\/wp-content\/uploads\/2025\/09\/decogreenwall_palm_2-300x300.jpg 300w, https:\/\/falevelmuhely.hu\/wp-content\/uploads\/2025\/09\/decogreenwall_palm_2-768x768.jpg 768w, https:\/\/falevelmuhely.hu\/wp-content\/uploads\/2025\/09\/decogreenwall_palm_2-1536x1536.jpg 1536w, https:\/\/falevelmuhely.hu\/wp-content\/uploads\/2025\/09\/decogreenwall_palm_2-2048x2048.jpg 2048w\" sizes=\"auto, (max-width: 1024px) 100vw, 1024px\" \/>\t\t\t\t\t\t\t\t\t\t\t\t\t\t\t<\/div>\n\t\t\t\t<\/div>\n\t\t<div class=\"elementor-element elementor-element-864c849 e-con-full e-flex e-con e-child\" data-id=\"864c849\" data-element_type=\"container\">\n\t\t\t\t<div class=\"elementor-element elementor-element-d19ed1b wd-width-100 elementor-widget elementor-widget-wd_title\" data-id=\"d19ed1b\" data-element_type=\"widget\" data-widget_type=\"wd_title.default\">\n\t\t\t\t<div class=\"elementor-widget-container\">\n\t\t\t\t\t\t\t<div class=\"title-wrapper wd-set-mb reset-last-child wd-title-color-default wd-title-style-default wd-title-size-extra-large text-center\">\n\n\t\t\t\n\t\t\t<div class=\"liner-continer\">\n\t\t\t\t<h4 class=\"woodmart-title-container title wd-fontsize-xxxl\">Experience-based decorative walls<br \/>\n<\/h4> \n\t\t\t\t\t\t\t<\/div>\n\n\t\t\t\t\t\t\t<div class=\"title-after_title reset-last-child wd-fontsize-s\">\n\t\t\t\t\t<p><span style=\"font-weight: 400\">At this wall a <\/span><b>Experience<\/b><span style=\"font-weight: 400\">I have displayed<\/span><b> on the wall<\/b><span style=\"font-weight: 400\">.<\/span><\/p><p><span style=\"font-weight: 400\">The idea was a palm-fringed beach, with turquoise-green water and coconuts hanging from trees, which the owner had collected from abroad. I used them in a way that was not only attractive but also useful: plants could be planted. I also used the owner's modern-looking wallpaper. All this took 5 days to complete.<\/span><\/p>\t\t\t\t<\/div>\n\t\t\t\t\t<\/div>\n\t\t\t\t\t\t<\/div>\n\t\t\t\t<\/div>\n\t\t\t\t<\/div>\n\t\t\t\t<\/div>\n\t\t\t\t\t<\/div>\n\t\t\t\t<\/div>\n\t\t<div class=\"wd-negative-gap elementor-element elementor-element-70eb768 e-flex e-con-boxed e-con e-parent\" data-id=\"70eb768\" data-element_type=\"container\">\n\t\t\t\t\t<div class=\"e-con-inner\">\n\t\t<div class=\"elementor-element elementor-element-15bc426 e-con-full e-flex e-con e-child\" data-id=\"15bc426\" data-element_type=\"container\">\n\t\t<div class=\"elementor-element elementor-element-68a1f01 e-con-full e-flex e-con e-child\" data-id=\"68a1f01\" data-element_type=\"container\">\n\t\t\t\t<div class=\"elementor-element elementor-element-03201af wd-width-100 elementor-widget elementor-widget-wd_title\" data-id=\"03201af\" data-element_type=\"widget\" data-widget_type=\"wd_title.default\">\n\t\t\t\t<div class=\"elementor-widget-container\">\n\t\t\t\t\t\t\t<div class=\"title-wrapper wd-set-mb reset-last-child wd-title-color-default wd-title-style-default wd-title-size-extra-large text-center\">\n\n\t\t\t\n\t\t\t<div class=\"liner-continer\">\n\t\t\t\t<h4 class=\"woodmart-title-container title wd-fontsize-xxxl\">Meeting wall techniques<br \/>\n<\/h4> \n\t\t\t\t\t\t\t<\/div>\n\n\t\t\t\t\t\t\t<div class=\"title-after_title reset-last-child wd-fontsize-s\">\n\t\t\t\t\t<p><span style=\"font-weight: 400\">This wall was commissioned by the couple to evoke an autumnal atmosphere, <\/span><b>as a painted leaf pattern wall <\/b>imagined<span style=\"font-weight: 400\">. The wife preferred golden yellow, while the husband preferred brownish-grey, so I used those colours. I also used the colour blocking technique for harmony. I created blocks on the wall, setting a limit to them so that the intense colours were not too dominant. This framing gives the wall a modern yet organic look. The work was completed in 4 days.<\/span><\/p>\t\t\t\t<\/div>\n\t\t\t\t\t<\/div>\n\t\t\t\t\t\t<\/div>\n\t\t\t\t<\/div>\n\t\t\t\t<\/div>\n\t\t<div class=\"elementor-element elementor-element-8589f5d e-con-full e-flex e-con e-child\" data-id=\"8589f5d\" data-element_type=\"container\">\n\t\t\t\t<div class=\"elementor-element elementor-element-3ce87b7 elementor-widget elementor-widget-image\" data-id=\"3ce87b7\" data-element_type=\"widget\" data-widget_type=\"image.default\">\n\t\t\t\t\t\t\t\t\t\t\t\t\t\t\t<img alt=\"\" loading=\"lazy\" decoding=\"async\" width=\"1024\" height=\"768\" src=\"https:\/\/falevelmuhely.hu\/wp-content\/uploads\/2025\/09\/oszi-level-szinek-nappaliban-1024x768.jpg\" class=\"attachment-large size-large wp-image-1587\" srcset=\"https:\/\/falevelmuhely.hu\/wp-content\/uploads\/2025\/09\/oszi-level-szinek-nappaliban-1024x768.jpg 1024w, https:\/\/falevelmuhely.hu\/wp-content\/uploads\/2025\/09\/oszi-level-szinek-nappaliban-scaled-150x113.jpg 150w, https:\/\/falevelmuhely.hu\/wp-content\/uploads\/2025\/09\/oszi-level-szinek-nappaliban-scaled-1200x900.jpg 1200w, https:\/\/falevelmuhely.hu\/wp-content\/uploads\/2025\/09\/oszi-level-szinek-nappaliban-300x225.jpg 300w, https:\/\/falevelmuhely.hu\/wp-content\/uploads\/2025\/09\/oszi-level-szinek-nappaliban-768x576.jpg 768w, https:\/\/falevelmuhely.hu\/wp-content\/uploads\/2025\/09\/oszi-level-szinek-nappaliban-1536x1152.jpg 1536w, https:\/\/falevelmuhely.hu\/wp-content\/uploads\/2025\/09\/oszi-level-szinek-nappaliban-2048x1536.jpg 2048w\" sizes=\"auto, (max-width: 1024px) 100vw, 1024px\" \/>\t\t\t\t\t\t\t\t\t\t\t\t\t\t\t<\/div>\n\t\t\t\t<\/div>\n\t\t\t\t<\/div>\n\t\t\t\t\t<\/div>\n\t\t\t\t<\/div>\n\t\t<div class=\"wd-negative-gap elementor-element elementor-element-d42fc82 e-flex e-con-boxed e-con e-parent\" data-id=\"d42fc82\" data-element_type=\"container\">\n\t\t\t\t\t<div class=\"e-con-inner\">\n\t\t<div class=\"elementor-element elementor-element-2012c80 e-con-full e-flex e-con e-child\" data-id=\"2012c80\" data-element_type=\"container\">\n\t\t<div class=\"elementor-element elementor-element-81466ae e-con-full e-flex e-con e-child\" data-id=\"81466ae\" data-element_type=\"container\">\n\t\t\t\t<div class=\"elementor-element elementor-element-0553574 wd-width-100 elementor-widget elementor-widget-wd_title\" data-id=\"0553574\" data-element_type=\"widget\" data-widget_type=\"wd_title.default\">\n\t\t\t\t<div class=\"elementor-widget-container\">\n\t\t\t\t\t\t\t<div class=\"title-wrapper wd-set-mb reset-last-child wd-title-color-default wd-title-style-default wd-title-size-extra-large text-left\">\n\n\t\t\t\n\t\t\t<div class=\"liner-continer\">\n\t\t\t\t<h4 class=\"woodmart-title-container title wd-fontsize-xxxl\">Textured plant pattern wall<br \/>\n<\/h4> \n\t\t\t\t\t\t\t<\/div>\n\n\t\t\t\t\t\t\t<div class=\"title-after_title reset-last-child wd-fontsize-s\">\n\t\t\t\t\t<p>My love project. For this wall decoration, I created my own patterns that beautifully follow the pattern of some of the plants. As I made the patterns myself, I was able to adapt them to the size of the room, so they look as beautiful as possible and harmonise with the interior.<\/p><p>With such a structured but lifelike plant pattern, I can easily bring nature into your home, creating a completely unique atmosphere. Whether it's a small apartment or an office building, a sense of nature is important everywhere. Perfect for rooms where there's no room for real plants. With this technique, I turn every wall into a unique creation.<\/p>\t\t\t\t<\/div>\n\t\t\t\t\t<\/div>\n\t\t\t\t\t\t<\/div>\n\t\t\t\t<\/div>\n\t\t\t\t<div class=\"elementor-element elementor-element-8089824 wd-width-100 elementor-widget elementor-widget-wd_images_gallery\" data-id=\"8089824\" data-element_type=\"widget\" data-widget_type=\"wd_images_gallery.default\">\n\t\t\t\t<div class=\"elementor-widget-container\">\n\t\t\t\t\t\t\t<div class=\"wd-images-gallery photoswipe-images\" style=\"--wd-align-items:center; --wd-justify-content:center;\">\n\t\t\t\t\t\t<div class=\"wd-grid-g\" style=\"--wd-col-lg:3;--wd-col-md:3;--wd-col-sm:1;--wd-gap-lg:20px;--wd-gap-sm:10px;\" >\n\t\t\t\t\t\t\t\t\t\t\t\t\t\t\t\t\t\t<div class=\"wd-gallery-item wd-col\">\n\t\t\t\t\t\t\t\t\t\t\t\t\t<a  href=\"https:\/\/falevelmuhely.hu\/wp-content\/uploads\/2025\/11\/strukturalt-novenymintas-fal-berendezessel-scaled.png\" data-width=\"1707\" data-height=\"2560\" data-index=\"1\" data-elementor-open-lightbox=\"no\">\n\t\t\t\t\t\t\n\t\t\t\t\t\t<img loading=\"lazy\" decoding=\"async\" width=\"500\" height=\"500\" src=\"https:\/\/falevelmuhely.hu\/wp-content\/uploads\/2025\/11\/strukturalt-novenymintas-fal-berendezessel-scaled-500x500.png\" class=\"attachment-500x500 size-500x500\" alt=\"struktura\u0301lt no\u0308ve\u0301nyminta\u0301s fal berendeze\u0301ssel\" srcset=\"https:\/\/falevelmuhely.hu\/wp-content\/uploads\/2025\/11\/strukturalt-novenymintas-fal-berendezessel-scaled-500x500.png 500w, https:\/\/falevelmuhely.hu\/wp-content\/uploads\/2025\/11\/strukturalt-novenymintas-fal-berendezessel-150x150.png 150w\" sizes=\"auto, (max-width: 500px) 100vw, 500px\" \/>\n\t\t\t\t\t\t\t\t\t\t\t\t\t<\/a>\n\t\t\t\t\t\t\t\t\t\t\t<\/div>\n\t\t\t\t\t\t\t\t\t\t\t\t\t\t\t<div class=\"wd-gallery-item wd-col\">\n\t\t\t\t\t\t\t\t\t\t\t\t\t<a  href=\"https:\/\/falevelmuhely.hu\/wp-content\/uploads\/2025\/11\/miami-design-scaled.jpg\" data-width=\"1887\" data-height=\"2560\" data-index=\"2\" data-elementor-open-lightbox=\"no\">\n\t\t\t\t\t\t\n\t\t\t\t\t\t<img loading=\"lazy\" decoding=\"async\" width=\"500\" height=\"500\" src=\"https:\/\/falevelmuhely.hu\/wp-content\/uploads\/2025\/11\/miami-design-scaled-500x500.jpg\" class=\"attachment-500x500 size-500x500\" alt=\"miami design\" srcset=\"https:\/\/falevelmuhely.hu\/wp-content\/uploads\/2025\/11\/miami-design-scaled-500x500.jpg 500w, https:\/\/falevelmuhely.hu\/wp-content\/uploads\/2025\/11\/miami-design-150x150.jpg 150w, https:\/\/falevelmuhely.hu\/wp-content\/uploads\/2025\/11\/miami-design-600x600.jpg 600w\" sizes=\"auto, (max-width: 500px) 100vw, 500px\" \/>\n\t\t\t\t\t\t\t\t\t\t\t\t\t<\/a>\n\t\t\t\t\t\t\t\t\t\t\t<\/div>\n\t\t\t\t\t\t\t\t\t\t\t\t\t\t\t<div class=\"wd-gallery-item wd-col\">\n\t\t\t\t\t\t\t\t\t\t\t\t\t<a  href=\"https:\/\/falevelmuhely.hu\/wp-content\/uploads\/2025\/11\/strukturalt-novenymintas-fal-reszlet-scaled.png\" data-width=\"1875\" data-height=\"2560\" data-index=\"3\" data-elementor-open-lightbox=\"no\">\n\t\t\t\t\t\t\n\t\t\t\t\t\t<img loading=\"lazy\" decoding=\"async\" width=\"500\" height=\"500\" src=\"https:\/\/falevelmuhely.hu\/wp-content\/uploads\/2025\/11\/strukturalt-novenymintas-fal-reszlet-scaled-500x500.png\" class=\"attachment-500x500 size-500x500\" alt=\"struktura\u0301lt no\u0308ve\u0301nyminta\u0301s fal re\u0301szlet\" srcset=\"https:\/\/falevelmuhely.hu\/wp-content\/uploads\/2025\/11\/strukturalt-novenymintas-fal-reszlet-scaled-500x500.png 500w, https:\/\/falevelmuhely.hu\/wp-content\/uploads\/2025\/11\/strukturalt-novenymintas-fal-reszlet-150x150.png 150w, https:\/\/falevelmuhely.hu\/wp-content\/uploads\/2025\/11\/strukturalt-novenymintas-fal-reszlet-600x600.png 600w\" sizes=\"auto, (max-width: 500px) 100vw, 500px\" \/>\n\t\t\t\t\t\t\t\t\t\t\t\t\t<\/a>\n\t\t\t\t\t\t\t\t\t\t\t<\/div>\n\t\t\t\t\t\t\t\t\t\t\t\t\t<\/div>\n\t\t\t\t\t<\/div>\n\t\t\t\t\t\t<\/div>\n\t\t\t\t<\/div>\n\t\t\t\t<div class=\"elementor-element elementor-element-2f9a9fa wd-width-100 elementor-widget elementor-widget-wd_title\" data-id=\"2f9a9fa\" data-element_type=\"widget\" data-widget_type=\"wd_title.default\">\n\t\t\t\t<div class=\"elementor-widget-container\">\n\t\t\t\t\t\t\t<div class=\"title-wrapper wd-set-mb reset-last-child wd-title-color-default wd-title-style-default wd-title-size-extra-large text-left\">\n\n\t\t\t\n\t\t\t<div class=\"liner-continer\">\n\t\t\t\t<h4 class=\"woodmart-title-container title wd-fontsize-xxxl\">Miami Wall<\/h4> \n\t\t\t\t\t\t\t<\/div>\n\n\t\t\t\t\t\t\t<div class=\"title-after_title reset-last-child wd-fontsize-s\">\n\t\t\t\t\t<p><span style=\"font-weight: 400\">Miami art deco is a summery, cheerful style, characterised by pastel colours, marine and tropical motifs. I was inspired by this style too: the textured pattern of tropical plants beautifully decorates this style full of colour and playfulness. For the structured walls, I match each plant pattern to the size of the space where the wall decoration is placed, so the decor doesn't get lost in the space, it stands out beautifully from a distance.<\/span><\/p>\t\t\t\t<\/div>\n\t\t\t\t\t<\/div>\n\t\t\t\t\t\t<\/div>\n\t\t\t\t<\/div>\n\t\t\t\t<\/div>\n\t\t\t\t<\/div>\n\t\t\t\t\t<\/div>\n\t\t\t\t<\/div>\n\t\t\t\t<\/div>","protected":false},"excerpt":{"rendered":"<p>Dekorfal m\u00e1sk\u00e9pp \u2013 \u00e9rz\u00e9sb\u0151l, nem sablonb\u00f3l \u00c9n nem csak sz\u00e9p dekorfalakat k\u00e9sz\u00edtek. A c\u00e9lom az, hogy ezek a falak az<\/p>","protected":false},"author":1,"featured_media":0,"parent":0,"menu_order":0,"comment_status":"closed","ping_status":"closed","template":"elementor_header_footer","meta":{"_seopress_robots_primary_cat":"","_seopress_titles_title":"","_seopress_titles_desc":"","_seopress_robots_index":"","footnotes":""},"class_list":["post-1583","page","type-page","status-publish","hentry"],"_links":{"self":[{"href":"https:\/\/falevelmuhely.hu\/en\/wp-json\/wp\/v2\/pages\/1583","targetHints":{"allow":["GET"]}}],"collection":[{"href":"https:\/\/falevelmuhely.hu\/en\/wp-json\/wp\/v2\/pages"}],"about":[{"href":"https:\/\/falevelmuhely.hu\/en\/wp-json\/wp\/v2\/types\/page"}],"author":[{"embeddable":true,"href":"https:\/\/falevelmuhely.hu\/en\/wp-json\/wp\/v2\/users\/1"}],"replies":[{"embeddable":true,"href":"https:\/\/falevelmuhely.hu\/en\/wp-json\/wp\/v2\/comments?post=1583"}],"version-history":[{"count":11,"href":"https:\/\/falevelmuhely.hu\/en\/wp-json\/wp\/v2\/pages\/1583\/revisions"}],"predecessor-version":[{"id":2276,"href":"https:\/\/falevelmuhely.hu\/en\/wp-json\/wp\/v2\/pages\/1583\/revisions\/2276"}],"wp:attachment":[{"href":"https:\/\/falevelmuhely.hu\/en\/wp-json\/wp\/v2\/media?parent=1583"}],"curies":[{"name":"wp","href":"https:\/\/api.w.org\/{rel}","templated":true}]}}