{"id":29492,"date":"2026-02-12T20:34:29","date_gmt":"2026-02-12T20:34:29","guid":{"rendered":"https:\/\/falevelmuhely.hu\/?post_type=product&#038;p=29492"},"modified":"2026-02-12T20:41:46","modified_gmt":"2026-02-12T20:41:46","slug":"lerakoasztalka-textilbol","status":"publish","type":"product","link":"https:\/\/falevelmuhely.hu\/en\/product\/lerakoasztalka-textilbol\/","title":{"rendered":"Lerak\u00f3asztalka textilb\u0151l"},"content":{"rendered":"<p>Egy zs\u00e1knyi rossz ruh\u00e1nak az eredm\u00e9nye ez a kis lerak\u00f3 asztalka, amit haszn\u00e1lhatsz n\u00f6v\u00e9ny\u00e1llv\u00e1nynak, \u00fcl\u0151k\u00e9nek, lerak\u00f3asztalk\u00e1nak. K\u00f6rnyezetv\u00e9delmi kezdem\u00e9nyez\u00e9s keret\u00e9ben lehet\u0151s\u00e9ged van eljuttatni hozz\u00e1m rossz, kibod\u00e1sra sz\u00e1nt ruh\u00e1idat, textiljeidet \u00e9s egy ehhez hasonl\u00f3 asztalk\u00e1t kapsz. Ez a term\u00e9k ink\u00e1bb sz\u00f3l a k\u00f6rnyezet\u00fcnk v\u00e9delm\u00e9r\u0151l, mint egy t\u00f6k\u00e9letesen megtervezett b\u00fatorr\u00f3l. A term\u00e9k minden f\u00e1zisban k\u00e9zzel k\u00e9sz\u00fcl, ez\u00e9rt biztosan nem k\u00e9sz\u00fclhet k\u00e9t egyforma. A k\u00fclseje mikrocement, \u00edgy nem csak tart\u00f3s \u00e9s ellen\u00e1ll\u00f3, hanem a sz\u00ednek \u00e9s a forma sok j\u00e1t\u00e9koss\u00e1got is enged.<\/p>","protected":false},"excerpt":{"rendered":"<p>fenntarthat\u00f3 k\u00f6rnyezetbar\u00e1t asztal<\/p>","protected":false},"featured_media":29502,"comment_status":"open","ping_status":"closed","template":"","meta":{"_seopress_robots_primary_cat":"none","_seopress_titles_title":"Rossz ruh\u00e1idb\u00f3l hasznos h\u00e1ztart\u00e1si kieg\u00e9sz\u00edt\u0151k k\u00e9sz\u00fclnek","_seopress_titles_desc":"fenntarthat\u00f3 \u00e9s k\u00f6rnyezetbar\u00e1t kisasztal haszn\u00e1lt textilekb\u0151l \u00e9s ruhanem\u0171kb\u0151l","_seopress_robots_index":""},"product_brand":[],"product_cat":[78],"product_tag":[],"class_list":{"0":"post-29492","1":"product","2":"type-product","3":"status-publish","4":"has-post-thumbnail","6":"product_cat-kiegeszitok","8":"first","9":"instock","10":"shipping-taxable","11":"purchasable","12":"product-type-simple"},"_links":{"self":[{"href":"https:\/\/falevelmuhely.hu\/en\/wp-json\/wp\/v2\/product\/29492","targetHints":{"allow":["GET"]}}],"collection":[{"href":"https:\/\/falevelmuhely.hu\/en\/wp-json\/wp\/v2\/product"}],"about":[{"href":"https:\/\/falevelmuhely.hu\/en\/wp-json\/wp\/v2\/types\/product"}],"replies":[{"embeddable":true,"href":"https:\/\/falevelmuhely.hu\/en\/wp-json\/wp\/v2\/comments?post=29492"}],"version-history":[{"count":1,"href":"https:\/\/falevelmuhely.hu\/en\/wp-json\/wp\/v2\/product\/29492\/revisions"}],"predecessor-version":[{"id":29507,"href":"https:\/\/falevelmuhely.hu\/en\/wp-json\/wp\/v2\/product\/29492\/revisions\/29507"}],"wp:featuredmedia":[{"embeddable":true,"href":"https:\/\/falevelmuhely.hu\/en\/wp-json\/wp\/v2\/media\/29502"}],"wp:attachment":[{"href":"https:\/\/falevelmuhely.hu\/en\/wp-json\/wp\/v2\/media?parent=29492"}],"wp:term":[{"taxonomy":"product_brand","embeddable":true,"href":"https:\/\/falevelmuhely.hu\/en\/wp-json\/wp\/v2\/product_brand?post=29492"},{"taxonomy":"product_cat","embeddable":true,"href":"https:\/\/falevelmuhely.hu\/en\/wp-json\/wp\/v2\/product_cat?post=29492"},{"taxonomy":"product_tag","embeddable":true,"href":"https:\/\/falevelmuhely.hu\/en\/wp-json\/wp\/v2\/product_tag?post=29492"}],"curies":[{"name":"wp","href":"https:\/\/api.w.org\/{rel}","templated":true}]}}